{"id":816,"date":"2015-03-24T10:11:23","date_gmt":"2015-03-24T08:11:23","guid":{"rendered":"https:\/\/hinweisgebersystem.de-vau-ge.de\/?page_id=816"},"modified":"2024-08-13T09:27:02","modified_gmt":"2024-08-13T07:27:02","slug":"site-notice","status":"publish","type":"page","link":"https:\/\/hinweisgebersystem.de-vau-ge.de\/en\/site-notice\/","title":{"rendered":"Site Notice"},"content":{"rendered":"\n<div class=\"space-medium\"><\/div>\n\n\n<div class=\"wp-block-group\"><div class=\"wp-block-group__inner-container\">\n<h2 class=\"wp-block-heading\">Information according to \u00a7 5 TMG<\/h2>\n\n\n\n<p>DE-VAU-GE Gesundkostwerk Deutschland GmbH<br>L\u00fcner Racecourse 18<br>21339 L\u00fcneburg<\/p>\n\n\n\n<p>Commercial register: HRB 999999<br>Register court: L\u00fcneburg<\/p>\n\n\n\n<p><strong>Represented by:<\/strong><br>Dr Andreas Makowski<br>Dipl.-Kfm. Michael Makowski<\/p>\n\n\n\n<h2 class=\"wp-block-heading\">Contact<\/h2>\n\n\n\n<p>DE-VAU-GE Gesundkostwerk Deutschland GmbH<br>L\u00fcner Racecourse 18<br>21339 L\u00fcneburg<\/p>\n\n\n\n<p>Commercial register: HRB 999999<br>Register court: L\u00fcneburg<\/p>\n\n\n\n<p>Represented by:<br>Dr Andreas Makowski<br>Dipl.-Kfm. Michael Makowski<\/p>\n\n\n\n<h2 class=\"wp-block-heading\">Sales tax ID<\/h2>\n\n\n\n<p>Sales tax identification number according to \u00a7 27 a sales tax law:<br>DE 286 006 827<\/p>\n\n\n\n<h2 class=\"wp-block-heading\">EU dispute resolution<\/h2>\n\n\n\n<p>The European Commission provides a platform for online dispute resolution (ODR): <a href=\"https:\/\/ec.europa.eu\/consumers\/odr\/\" target=\"_blank\" rel=\"noreferrer noopener\">https:\/\/ec.europa.eu\/consumers\/odr\/<\/a>.<br><\/p>\n\n\n\n<p>You can find our email address in the legal notice above.<\/p>\n\n\n\n<p>Consumer dispute resolution\/universal arbitration centre<\/p>\n\n\n\n<p>We are not willing or obliged to participate in dispute resolution proceedings before a consumer arbitration board.<\/p>\n\n\n\n<h2 class=\"wp-block-heading\"><\/h2>\n\n\n\n<div class=\"space-large\"><\/div><\/div><\/div>\n","protected":false},"excerpt":{"rendered":"Information according to \u00a7 5 TMG DE-VAU-GE Gesundkostwerk Deutschland GmbHL\u00fcner Racecourse 1821339 L\u00fcneburg Commercial register: HRB 999999Register court: L\u00fcneburg Represented by:Dr Andreas MakowskiDipl.-Kfm. Michael Makowski Contact DE-VAU-GE Gesundkostwerk Deutschland GmbHL\u00fcner Racecourse 1821339 L\u00fcneburg Commercial register: HRB 999999Register court: L\u00fcneburg Represented by:Dr Andreas MakowskiDipl.-Kfm. Michael Makowski Sales tax ID Sales tax identification number according to \u00a7&#8230; <a class=\"view-article\" href=\"https:\/\/hinweisgebersystem.de-vau-ge.de\/en\/site-notice\/\">View Article<\/a>","protected":false},"author":1,"featured_media":0,"parent":0,"menu_order":0,"comment_status":"open","ping_status":"open","template":"","meta":{"_acf_changed":false,"inline_featured_image":false,"footnotes":""},"class_list":["post-816","page","type-page","status-publish","hentry"],"acf":[],"yoast_head":"<!-- This site is optimized with the Yoast SEO plugin v26.5 - https:\/\/yoast.com\/wordpress\/plugins\/seo\/ -->\n<title>Site Notice - DE-VAU-GE Hinweisgebersystem<\/title>\n<meta name=\"robots\" content=\"noindex, nofollow\" \/>\n<meta property=\"og:locale\" content=\"en_US\" \/>\n<meta property=\"og:type\" content=\"article\" \/>\n<meta property=\"og:title\" content=\"Site Notice - DE-VAU-GE Hinweisgebersystem\" \/>\n<meta property=\"og:description\" content=\"Information according to \u00a7 5 TMG DE-VAU-GE Gesundkostwerk Deutschland GmbHL\u00fcner Racecourse 1821339 L\u00fcneburg Commercial register: HRB 999999Register court: L\u00fcneburg Represented by:Dr Andreas MakowskiDipl.-Kfm. Michael Makowski Contact DE-VAU-GE Gesundkostwerk Deutschland GmbHL\u00fcner Racecourse 1821339 L\u00fcneburg Commercial register: HRB 999999Register court: L\u00fcneburg Represented by:Dr Andreas MakowskiDipl.-Kfm. Michael Makowski Sales tax ID Sales tax identification number according to \u00a7... View Article\" \/>\n<meta property=\"og:url\" content=\"https:\/\/hinweisgebersystem.de-vau-ge.de\/en\/site-notice\/\" \/>\n<meta property=\"og:site_name\" content=\"DE-VAU-GE Hinweisgebersystem\" \/>\n<meta property=\"article:modified_time\" content=\"2024-08-13T07:27:02+00:00\" \/>\n<script type=\"application\/ld+json\" class=\"yoast-schema-graph\">{\"@context\":\"https:\/\/schema.org\",\"@graph\":[{\"@type\":\"WebPage\",\"@id\":\"https:\/\/hinweisgebersystem.de-vau-ge.de\/en\/site-notice\/\",\"url\":\"https:\/\/hinweisgebersystem.de-vau-ge.de\/en\/site-notice\/\",\"name\":\"Site Notice - DE-VAU-GE Hinweisgebersystem\",\"isPartOf\":{\"@id\":\"https:\/\/hinweisgebersystem.de-vau-ge.de\/en\/#website\"},\"datePublished\":\"2015-03-24T08:11:23+00:00\",\"dateModified\":\"2024-08-13T07:27:02+00:00\",\"breadcrumb\":{\"@id\":\"https:\/\/hinweisgebersystem.de-vau-ge.de\/en\/site-notice\/#breadcrumb\"},\"inLanguage\":\"en-US\",\"potentialAction\":[{\"@type\":\"ReadAction\",\"target\":[\"https:\/\/hinweisgebersystem.de-vau-ge.de\/en\/site-notice\/\"]}]},{\"@type\":\"BreadcrumbList\",\"@id\":\"https:\/\/hinweisgebersystem.de-vau-ge.de\/en\/site-notice\/#breadcrumb\",\"itemListElement\":[{\"@type\":\"ListItem\",\"position\":1,\"name\":\"Home\",\"item\":\"https:\/\/hinweisgebersystem.de-vau-ge.de\/en\/\"},{\"@type\":\"ListItem\",\"position\":2,\"name\":\"Site Notice\"}]},{\"@type\":\"WebSite\",\"@id\":\"https:\/\/hinweisgebersystem.de-vau-ge.de\/en\/#website\",\"url\":\"https:\/\/hinweisgebersystem.de-vau-ge.de\/en\/\",\"name\":\"DE-VAU-GE Hinweisgebersystem\",\"description\":\"\",\"potentialAction\":[{\"@type\":\"SearchAction\",\"target\":{\"@type\":\"EntryPoint\",\"urlTemplate\":\"https:\/\/hinweisgebersystem.de-vau-ge.de\/en\/?s={search_term_string}\"},\"query-input\":{\"@type\":\"PropertyValueSpecification\",\"valueRequired\":true,\"valueName\":\"search_term_string\"}}],\"inLanguage\":\"en-US\"}]}<\/script>\n<!-- \/ Yoast SEO plugin. -->","yoast_head_json":{"title":"Site Notice - DE-VAU-GE Hinweisgebersystem","robots":{"index":"noindex","follow":"nofollow"},"og_locale":"en_US","og_type":"article","og_title":"Site Notice - DE-VAU-GE Hinweisgebersystem","og_description":"Information according to \u00a7 5 TMG DE-VAU-GE Gesundkostwerk Deutschland GmbHL\u00fcner Racecourse 1821339 L\u00fcneburg Commercial register: HRB 999999Register court: L\u00fcneburg Represented by:Dr Andreas MakowskiDipl.-Kfm. Michael Makowski Contact DE-VAU-GE Gesundkostwerk Deutschland GmbHL\u00fcner Racecourse 1821339 L\u00fcneburg Commercial register: HRB 999999Register court: L\u00fcneburg Represented by:Dr Andreas MakowskiDipl.-Kfm. Michael Makowski Sales tax ID Sales tax identification number according to \u00a7... View Article","og_url":"https:\/\/hinweisgebersystem.de-vau-ge.de\/en\/site-notice\/","og_site_name":"DE-VAU-GE Hinweisgebersystem","article_modified_time":"2024-08-13T07:27:02+00:00","schema":{"@context":"https:\/\/schema.org","@graph":[{"@type":"WebPage","@id":"https:\/\/hinweisgebersystem.de-vau-ge.de\/en\/site-notice\/","url":"https:\/\/hinweisgebersystem.de-vau-ge.de\/en\/site-notice\/","name":"Site Notice - DE-VAU-GE Hinweisgebersystem","isPartOf":{"@id":"https:\/\/hinweisgebersystem.de-vau-ge.de\/en\/#website"},"datePublished":"2015-03-24T08:11:23+00:00","dateModified":"2024-08-13T07:27:02+00:00","breadcrumb":{"@id":"https:\/\/hinweisgebersystem.de-vau-ge.de\/en\/site-notice\/#breadcrumb"},"inLanguage":"en-US","potentialAction":[{"@type":"ReadAction","target":["https:\/\/hinweisgebersystem.de-vau-ge.de\/en\/site-notice\/"]}]},{"@type":"BreadcrumbList","@id":"https:\/\/hinweisgebersystem.de-vau-ge.de\/en\/site-notice\/#breadcrumb","itemListElement":[{"@type":"ListItem","position":1,"name":"Home","item":"https:\/\/hinweisgebersystem.de-vau-ge.de\/en\/"},{"@type":"ListItem","position":2,"name":"Site Notice"}]},{"@type":"WebSite","@id":"https:\/\/hinweisgebersystem.de-vau-ge.de\/en\/#website","url":"https:\/\/hinweisgebersystem.de-vau-ge.de\/en\/","name":"DE-VAU-GE Hinweisgebersystem","description":"","potentialAction":[{"@type":"SearchAction","target":{"@type":"EntryPoint","urlTemplate":"https:\/\/hinweisgebersystem.de-vau-ge.de\/en\/?s={search_term_string}"},"query-input":{"@type":"PropertyValueSpecification","valueRequired":true,"valueName":"search_term_string"}}],"inLanguage":"en-US"}]}},"_links":{"self":[{"href":"https:\/\/hinweisgebersystem.de-vau-ge.de\/en\/wp-json\/wp\/v2\/pages\/816","targetHints":{"allow":["GET"]}}],"collection":[{"href":"https:\/\/hinweisgebersystem.de-vau-ge.de\/en\/wp-json\/wp\/v2\/pages"}],"about":[{"href":"https:\/\/hinweisgebersystem.de-vau-ge.de\/en\/wp-json\/wp\/v2\/types\/page"}],"author":[{"embeddable":true,"href":"https:\/\/hinweisgebersystem.de-vau-ge.de\/en\/wp-json\/wp\/v2\/users\/1"}],"replies":[{"embeddable":true,"href":"https:\/\/hinweisgebersystem.de-vau-ge.de\/en\/wp-json\/wp\/v2\/comments?post=816"}],"version-history":[{"count":3,"href":"https:\/\/hinweisgebersystem.de-vau-ge.de\/en\/wp-json\/wp\/v2\/pages\/816\/revisions"}],"predecessor-version":[{"id":1172,"href":"https:\/\/hinweisgebersystem.de-vau-ge.de\/en\/wp-json\/wp\/v2\/pages\/816\/revisions\/1172"}],"wp:attachment":[{"href":"https:\/\/hinweisgebersystem.de-vau-ge.de\/en\/wp-json\/wp\/v2\/media?parent=816"}],"curies":[{"name":"wp","href":"https:\/\/api.w.org\/{rel}","templated":true}]}}